{"id":76,"date":"2020-08-28T14:20:11","date_gmt":"2020-08-28T12:20:11","guid":{"rendered":"https:\/\/www.lamouroux.net\/?page_id=76"},"modified":"2025-07-14T18:39:03","modified_gmt":"2025-07-14T16:39:03","slug":"geek_enable-true","status":"publish","type":"page","link":"https:\/\/www.lamouroux.net\/","title":{"rendered":"Geek_Enabled = $True"},"content":{"rendered":"\n<p>Bonjour \u00e0 tous \ud83d\ude42<\/p>\n\n\n\n<p>\u00c7a y est, nous y sommes \ud83d\ude42 \ud83d\ude42 <br>Soyez les bienvenus sur ce site o\u00f9 vous allez pouvoir partager mes exp\u00e9riences, en g\u00e9n\u00e9rale des probl\u00e8mes que j&rsquo;ai pu rencontr\u00e9 au fil de ma vie d&rsquo;administrateur r\u00e9seau, je vous rassure, je n&rsquo;ai pas 60 ans, la liste risque d&rsquo;\u00eatre courte \ud83d\ude42 N&rsquo;h\u00e9sitez pas \u00e0 me faire part de vos commentaires, id\u00e9es, critiques, remarques, &#8230; tout est positif \ud83d\ude42<\/p>\n\n\n\n<p>De nouveaux articles appara\u00eetront au fur et \u00e0 mesure des probl\u00e8mes, au fur et \u00e0 mesure de mon temps libre aussi : n&rsquo;h\u00e9sitez pas \u00e0 revenir r\u00e9guli\u00e8rement \ud83d\ude09<\/p>\n","protected":false},"excerpt":{"rendered":"<p>Bonjour \u00e0 tous \ud83d\ude42 \u00c7a y est, nous y sommes \ud83d\ude42 \ud83d\ude42 Soyez les bienvenus sur ce site o\u00f9 vous allez pouvoir partager mes exp\u00e9riences, en g\u00e9n\u00e9rale des probl\u00e8mes que j&rsquo;ai pu rencontr\u00e9 au fil de ma vie d&rsquo;administrateur r\u00e9seau, je vous rassure, je n&rsquo;ai pas 60 ans, la liste risque d&rsquo;\u00eatre courte \ud83d\ude42 N&rsquo;h\u00e9sitez [&hellip;]<\/p>\n","protected":false},"author":1,"featured_media":0,"parent":0,"menu_order":0,"comment_status":"closed","ping_status":"closed","template":"","meta":{"_monsterinsights_skip_tracking":false,"_monsterinsights_sitenote_active":false,"_monsterinsights_sitenote_note":"","_monsterinsights_sitenote_category":0,"footnotes":""},"class_list":["post-76","page","type-page","status-publish","hentry"],"aioseo_notices":[],"_links":{"self":[{"href":"https:\/\/www.lamouroux.net\/index.php\/wp-json\/wp\/v2\/pages\/76","targetHints":{"allow":["GET"]}}],"collection":[{"href":"https:\/\/www.lamouroux.net\/index.php\/wp-json\/wp\/v2\/pages"}],"about":[{"href":"https:\/\/www.lamouroux.net\/index.php\/wp-json\/wp\/v2\/types\/page"}],"author":[{"embeddable":true,"href":"https:\/\/www.lamouroux.net\/index.php\/wp-json\/wp\/v2\/users\/1"}],"replies":[{"embeddable":true,"href":"https:\/\/www.lamouroux.net\/index.php\/wp-json\/wp\/v2\/comments?post=76"}],"version-history":[{"count":5,"href":"https:\/\/www.lamouroux.net\/index.php\/wp-json\/wp\/v2\/pages\/76\/revisions"}],"predecessor-version":[{"id":178,"href":"https:\/\/www.lamouroux.net\/index.php\/wp-json\/wp\/v2\/pages\/76\/revisions\/178"}],"wp:attachment":[{"href":"https:\/\/www.lamouroux.net\/index.php\/wp-json\/wp\/v2\/media?parent=76"}],"curies":[{"name":"wp","href":"https:\/\/api.w.org\/{rel}","templated":true}]}}